{"id":3721,"date":"2024-02-26T09:27:10","date_gmt":"2024-02-26T02:27:10","guid":{"rendered":"https:\/\/anlegal.vn\/careers\/"},"modified":"2024-04-16T12:12:06","modified_gmt":"2024-04-16T05:12:06","slug":"careers","status":"publish","type":"page","link":"https:\/\/anlegal.vn\/vi\/tuyen-dung\/","title":{"rendered":"Tuy\u1ec3n D\u1ee5ng"},"content":{"rendered":"<div class=\"wpb-content-wrapper\"><p>[vc_row][vc_column]<div class=\"mkdf-single-image-holder   \">\n    <div class=\"mkdf-si-inner\" >\n                                    <img loading=\"lazy\" decoding=\"async\" width=\"1920\" height=\"1080\" src=\"https:\/\/anlegal.vn\/wp-content\/uploads\/2024\/04\/H-334-crop.png\" class=\"attachment-full size-full\" alt=\"H-334-crop\" srcset=\"https:\/\/anlegal.vn\/wp-content\/uploads\/2024\/04\/H-334-crop.png 1920w, https:\/\/anlegal.vn\/wp-content\/uploads\/2024\/04\/H-334-crop-300x169.png 300w, https:\/\/anlegal.vn\/wp-content\/uploads\/2024\/04\/H-334-crop-1024x576.png 1024w, https:\/\/anlegal.vn\/wp-content\/uploads\/2024\/04\/H-334-crop-768x432.png 768w, https:\/\/anlegal.vn\/wp-content\/uploads\/2024\/04\/H-334-crop-1536x864.png 1536w\" sizes=\"(max-width: 1920px) 100vw, 1920px\" \/>                        <\/div>\n<\/div>[\/vc_column][\/vc_row][vc_row][vc_column][vc_empty_space][\/vc_column][\/vc_row][vc_row row_content_width=&#8221;grid&#8221;][vc_column]<div class=\"mkdf-elements-holder   mkdf-one-column  mkdf-responsive-mode-768 \" ><div class=\"mkdf-eh-item     \"  data-item-class=\"mkdf-eh-custom-9063\">\n\t    <div class=\"mkdf-eh-item-inner\">\n\t\t<div class=\"mkdf-eh-item-content mkdf-eh-custom-9063\" >\n\t\t\t[vc_column_text]<\/p>\n<h1 class=\"heading-title animated zoomIn\" style=\"text-align: center;\">Tuy\u1ec3n D\u1ee5ng<\/h1>\n<p>[\/vc_column_text][vc_empty_space height=&#8221;20px&#8221;][vc_column_text]Nh\u1eadn th\u1ee9c \u0111\u01b0\u1ee3c r\u1eb1ng nh\u00e2n s\u1ef1 ch\u00ednh l\u00e0 t\u00e0i s\u1ea3n qu\u00fd gi\u00e1 nh\u1ea5t, <span style=\"color: #203164;\"><strong>AN Legal<\/strong> <\/span>n\u1ed7 l\u1ef1c h\u1ebft m\u00ecnh \u0111\u1ec3 lu\u00f4n truy\u1ec1n c\u1ea3m h\u1ee9ng, nu\u00f4i d\u01b0\u1ee1ng v\u00e0 ph\u00e1t tri\u1ec3n t\u00e0i n\u0103ng trong ng\u00e0nh lu\u1eadt. B\u00ean c\u1ea1nh vi\u1ec7c ti\u1ebfn h\u00e0nh ki\u1ec3m tra, \u0111\u00e1nh gi\u00e1 \u0111\u1ecbnh k\u1ef3 b\u1eb1ng ph\u01b0\u01a1ng ph\u00e1p KPI, ch\u00fang t\u00f4i c\u00f2n th\u01b0\u1eddng xuy\u00ean t\u1ed5 ch\u1ee9c nh\u1eefng bu\u1ed5i t\u1eadp hu\u1ea5n n\u1ed9i b\u1ed9 cho nh\u00e2n vi\u00ean v\u1edbi nh\u1eefng chuy\u00ean gia h\u00e0ng \u0111\u1ea7u v\u00e0 th\u1eadm ch\u00ed l\u00e0 c\u1eed ng\u01b0\u1eddi \u0111i \u0111\u00e0o t\u1ea1o t\u1ea1i nh\u1eefng c\u01a1 s\u1edf b\u00ean ngo\u00e0i. \u0110i\u1ec1u n\u00e0y \u0111\u00e3 th\u1ec3 hi\u1ec7n s\u1ef1 quan t\u00e2m \u0111\u00fang m\u1ee9c c\u1ee7a AN Legal trong vi\u1ec7c n\u00e2ng cao tr\u00ecnh \u0111\u1ed9 chuy\u00ean m\u00f4n v\u00e0 ph\u00e1t tri\u1ec3n k\u1ef9 n\u0103ng h\u00e0nh ngh\u1ec1 cho \u0111\u1ed9i ng\u0169 nh\u00e2n s\u1ef1.<\/p>\n<p>T\u1ea1i <span style=\"color: #203164;\"><strong>AN Legal<\/strong><\/span>, vi\u1ec7c tuy\u1ec3n d\u1ee5ng v\u00e0 khen th\u01b0\u1edfng nh\u00e2n vi\u00ean \u0111\u01b0\u1ee3c d\u1ef1a tr\u00ean n\u0103ng l\u1ef1c v\u00e0 th\u00e0nh t\u00edch. Nh\u1eefng t\u1ed1 ch\u1ea5t m\u00e0 ch\u00fang t\u00f4i t\u00ecm ki\u1ebfm bao g\u1ed3m:[\/vc_column_text]\t\t<\/div>\n\t<\/div>\n<\/div><\/div>[\/vc_column][\/vc_row][vc_row row_content_width=&#8221;grid&#8221;][vc_column width=&#8221;2\/3&#8243;]<div class=\"mkdf-elements-holder   mkdf-one-column  mkdf-responsive-mode-768 \" ><div class=\"mkdf-eh-item     \"  data-item-class=\"mkdf-eh-custom-5769\">\n\t    <div class=\"mkdf-eh-item-inner\">\n\t\t<div class=\"mkdf-eh-item-content mkdf-eh-custom-5769\" style=\"padding: 0px 0px 0px 20px\">\n\t\t\t[vc_column_text]<\/p>\n<ul>\n<li>C\u00f3 tham v\u1ecdng ph\u00e1t tri\u1ec3n s\u1ef1 nghi\u1ec7p th\u00e0nh c\u00f4ng<\/li>\n<li>Th\u00edch l\u00e0m vi\u1ec7c theo nh\u00f3m, k\u1ef9 n\u0103ng giao ti\u1ebfp t\u1ed1t<\/li>\n<li>C\u00f3 kh\u1ea3 n\u0103ng ph\u00e2n t\u00edch, gi\u1ea3i quy\u1ebft v\u00e0 tr\u00ecnh b\u00e0y c\u00e1c v\u1ea5n \u0111\u1ec1 ph\u00e1p l\u00fd li\u00ean quan, k\u1ef9 n\u0103ng ph\u1ea3n bi\u1ec7n t\u1ed1t<\/li>\n<li>Ch\u1ea5p nh\u1eadn l\u00e0m vi\u1ec7c d\u01b0\u1edbi \u00e1p l\u1ef1c cao v\u00e0 \u0111i c\u00f4ng t\u00e1c xa.<\/li>\n<\/ul>\n<p>[\/vc_column_text]\t\t<\/div>\n\t<\/div>\n<\/div><\/div>[\/vc_column][vc_column width=&#8221;1\/3&#8243;]<div class=\"mkdf-elements-holder  mkdf-eh-full-height mkdf-one-column  mkdf-responsive-mode-768 \" ><div class=\"mkdf-eh-item    mkdf-horizontal-alignment-center \"  data-item-class=\"mkdf-eh-custom-6427\">\n\t    <div class=\"mkdf-eh-item-inner\">\n\t\t<div class=\"mkdf-eh-item-content mkdf-eh-custom-6427\" style=\"padding: 15px 0px 0px 0px\">\n\t\t\t[vc_column_text css=&#8221;.vc_custom_1713244324672{border-top-width: 2px !important;border-right-width: 2px !important;border-bottom-width: 2px !important;border-left-width: 2px !important;padding-top: 25px !important;padding-right: 25px !important;padding-bottom: 25px !important;padding-left: 25px !important;border-left-color: #c3986b !important;border-left-style: solid !important;border-right-color: #c3986b !important;border-right-style: solid !important;border-top-color: #c3986b !important;border-top-style: solid !important;border-bottom-color: #c3986b !important;border-bottom-style: solid !important;}&#8221;]N\u1ebfu b\u1ea1n c\u00f3 mong mu\u1ed1n tr\u1edf th\u00e0nh m\u1ed9t ph\u1ea7n c\u1ee7a <strong>\n<span class=\"mkdf-highlight\" style=\"color:  #203164\">\n\tAN Legal<\/span><\/strong>, vui l\u00f2ng li\u00ean h\u1ec7 v\u1edbi ch\u00fang t\u00f4i qua email <span style=\"color: #203164;\"><strong><span id=\"cloaka3899479677c991a7a9d84b3002c12ba\"><span id=\"cloakd71e4ee5d93749a348fb4cdb36ccff90\"><a style=\"color: #203164;\" href=\"mailto:info@anlegal.vn\">info@anlegal.vn<\/a><\/span><\/span><\/strong><\/span>[\/vc_column_text]\t\t<\/div>\n\t<\/div>\n<\/div><\/div>[\/vc_column][\/vc_row][vc_row row_content_width=&#8221;grid&#8221; el_class=&#8221;mkdf-team-hidden&#8221;][vc_column]<div class=\"mkdf-elements-holder   mkdf-one-column  mkdf-responsive-mode-768 \" ><div class=\"mkdf-eh-item     \"  data-item-class=\"mkdf-eh-custom-9441\">\n\t    <div class=\"mkdf-eh-item-inner\">\n\t\t<div class=\"mkdf-eh-item-content mkdf-eh-custom-9441\" >\n\t\t\t[vc_empty_space height=&#8221;40px&#8221;][vc_column_text]<\/p>\n<h3 style=\"color: #c49a6d;\">V\u1ecb tr\u00ed tuy\u1ec3n d\u1ee5ng<\/h3>\n<p>[\/vc_column_text][vc_empty_space]<div class=\"mkdf-blog-list-holder mkdf-grid-list mkdf-disable-bottom-space mkdf-bl-boxed mkdf-three-columns mkdf-medium-space mkdf-bl-pag-load-more mkdf-bl-skin-\"  data-type=careers data-number-of-posts=3 data-number-of-columns=three data-space-between-items=medium data-category=tuyen-dung data-orderby=date data-order=DESC data-image-size=full data-title-tag=h5 data-excerpt-length=40 data-post-info-section=yes data-post-info-image=yes data-post-info-date=yes data-enable-excerpt=yes data-enable-button=yes data-pagination-type=load-more data-max-num-pages=0 data-next-page=2>\n\t<div class=\"mkdf-bl-wrapper mkdf-outer-space\">\n\t\t<ul class=\"mkdf-blog-list\">\n\t\t\t<p class=\"mkdf-blog-no-posts\">Sorry, no posts matched your criteria.<\/p>\t\t<\/ul>\n\t<\/div>\n\t<\/div>[vc_empty_space]\t\t<\/div>\n\t<\/div>\n<\/div><\/div>[\/vc_column][\/vc_row][vc_row][vc_column][vc_empty_space height=&#8221;40px&#8221;][\/vc_column][\/vc_row]<\/p>\n<\/div>","protected":false},"excerpt":{"rendered":"<p>[vc_row][vc_column][\/vc_column][\/vc_row][vc_row][vc_column][vc_empty_space][\/vc_column][\/vc_row][vc_row row_content_width=&#8221;grid&#8221;][vc_column][\/vc_column][\/vc_row][vc_row row_content_width=&#8221;grid&#8221;][vc_column width=&#8221;2\/3&#8243;][\/vc_column][vc_column width=&#8221;1\/3&#8243;][\/vc_column][\/vc_row][vc_row row_content_width=&#8221;grid&#8221; el_class=&#8221;mkdf-team-hidden&#8221;][vc_column][\/vc_column][\/vc_row][vc_row][vc_column][vc_empty_space height=&#8221;40px&#8221;][\/vc_column][\/vc_row]<\/p>\n","protected":false},"author":1,"featured_media":0,"parent":0,"menu_order":0,"comment_status":"closed","ping_status":"closed","template":"careers-page.php","meta":{"_acf_changed":false,"footnotes":""},"acf":[],"yoast_head":"<!-- This site is optimized with the Yoast SEO Premium plugin v21.3 (Yoast SEO v22.3) - https:\/\/yoast.com\/wordpress\/plugins\/seo\/ -->\n<title>Tuy\u1ec3n D\u1ee5ng - AN Legal LLP website<\/title>\n<meta name=\"robots\" content=\"index, follow, max-snippet:-1, max-image-preview:large, max-video-preview:-1\" \/>\n<link rel=\"canonical\" href=\"https:\/\/anlegal.vn\/vi\/tuyen-dung\/\" \/>\n<meta property=\"og:locale\" content=\"vi_VN\" \/>\n<meta property=\"og:type\" content=\"article\" \/>\n<meta property=\"og:title\" content=\"Tuy\u1ec3n D\u1ee5ng - AN Legal LLP website\" \/>\n<meta property=\"og:description\" content=\"[vc_row][vc_column][\/vc_column][\/vc_row][vc_row][vc_column][vc_empty_space][\/vc_column][\/vc_row][vc_row row_content_width=&#8221;grid&#8221;][vc_column][\/vc_column][\/vc_row][vc_row row_content_width=&#8221;grid&#8221;][vc_column width=&#8221;2\/3&#8243;][\/vc_column][vc_column width=&#8221;1\/3&#8243;][\/vc_column][\/vc_row][vc_row row_content_width=&#8221;grid&#8221; el_class=&#8221;mkdf-team-hidden&#8221;][vc_column][\/vc_column][\/vc_row][vc_row][vc_column][vc_empty_space height=&#8221;40px&#8221;][\/vc_column][\/vc_row]\" \/>\n<meta property=\"og:url\" content=\"https:\/\/anlegal.vn\/vi\/tuyen-dung\/\" \/>\n<meta property=\"og:site_name\" content=\"AN Legal LLP website\" \/>\n<meta property=\"article:modified_time\" content=\"2024-04-16T05:12:06+00:00\" \/>\n<meta name=\"twitter:card\" content=\"summary_large_image\" \/>\n<meta name=\"twitter:label1\" content=\"Est. reading time\" \/>\n\t<meta name=\"twitter:data1\" content=\"2 minutes\" \/>\n<script type=\"application\/ld+json\" class=\"yoast-schema-graph\">{\"@context\":\"https:\/\/schema.org\",\"@graph\":[{\"@type\":\"WebPage\",\"@id\":\"https:\/\/anlegal.vn\/vi\/tuyen-dung\/\",\"url\":\"https:\/\/anlegal.vn\/vi\/tuyen-dung\/\",\"name\":\"Tuy\u1ec3n D\u1ee5ng - AN Legal LLP website\",\"isPartOf\":{\"@id\":\"https:\/\/anlegal.vn\/vi\/#website\"},\"datePublished\":\"2024-02-26T02:27:10+00:00\",\"dateModified\":\"2024-04-16T05:12:06+00:00\",\"inLanguage\":\"vi-VN\",\"potentialAction\":[{\"@type\":\"ReadAction\",\"target\":[\"https:\/\/anlegal.vn\/vi\/tuyen-dung\/\"]}]},{\"@type\":\"WebSite\",\"@id\":\"https:\/\/anlegal.vn\/vi\/#website\",\"url\":\"https:\/\/anlegal.vn\/vi\/\",\"name\":\"AN Legal LLP\",\"description\":\"AN Legal LLP\",\"alternateName\":\"AN Legal LLP\",\"potentialAction\":[{\"@type\":\"SearchAction\",\"target\":{\"@type\":\"EntryPoint\",\"urlTemplate\":\"https:\/\/anlegal.vn\/vi\/?s={search_term_string}\"},\"query-input\":\"required name=search_term_string\"}],\"inLanguage\":\"vi-VN\"}]}<\/script>\n<!-- \/ Yoast SEO Premium plugin. -->","yoast_head_json":{"title":"Tuy\u1ec3n D\u1ee5ng - AN Legal LLP website","robots":{"index":"index","follow":"follow","max-snippet":"max-snippet:-1","max-image-preview":"max-image-preview:large","max-video-preview":"max-video-preview:-1"},"canonical":"https:\/\/anlegal.vn\/vi\/tuyen-dung\/","og_locale":"vi_VN","og_type":"article","og_title":"Tuy\u1ec3n D\u1ee5ng - AN Legal LLP website","og_description":"[vc_row][vc_column][\/vc_column][\/vc_row][vc_row][vc_column][vc_empty_space][\/vc_column][\/vc_row][vc_row row_content_width=&#8221;grid&#8221;][vc_column][\/vc_column][\/vc_row][vc_row row_content_width=&#8221;grid&#8221;][vc_column width=&#8221;2\/3&#8243;][\/vc_column][vc_column width=&#8221;1\/3&#8243;][\/vc_column][\/vc_row][vc_row row_content_width=&#8221;grid&#8221; el_class=&#8221;mkdf-team-hidden&#8221;][vc_column][\/vc_column][\/vc_row][vc_row][vc_column][vc_empty_space height=&#8221;40px&#8221;][\/vc_column][\/vc_row]","og_url":"https:\/\/anlegal.vn\/vi\/tuyen-dung\/","og_site_name":"AN Legal LLP website","article_modified_time":"2024-04-16T05:12:06+00:00","twitter_card":"summary_large_image","twitter_misc":{"Est. reading time":"2 minutes"},"schema":{"@context":"https:\/\/schema.org","@graph":[{"@type":"WebPage","@id":"https:\/\/anlegal.vn\/vi\/tuyen-dung\/","url":"https:\/\/anlegal.vn\/vi\/tuyen-dung\/","name":"Tuy\u1ec3n D\u1ee5ng - AN Legal LLP website","isPartOf":{"@id":"https:\/\/anlegal.vn\/vi\/#website"},"datePublished":"2024-02-26T02:27:10+00:00","dateModified":"2024-04-16T05:12:06+00:00","inLanguage":"vi-VN","potentialAction":[{"@type":"ReadAction","target":["https:\/\/anlegal.vn\/vi\/tuyen-dung\/"]}]},{"@type":"WebSite","@id":"https:\/\/anlegal.vn\/vi\/#website","url":"https:\/\/anlegal.vn\/vi\/","name":"AN Legal LLP","description":"AN Legal LLP","alternateName":"AN Legal LLP","potentialAction":[{"@type":"SearchAction","target":{"@type":"EntryPoint","urlTemplate":"https:\/\/anlegal.vn\/vi\/?s={search_term_string}"},"query-input":"required name=search_term_string"}],"inLanguage":"vi-VN"}]}},"_links":{"self":[{"href":"https:\/\/anlegal.vn\/vi\/wp-json\/wp\/v2\/pages\/3721"}],"collection":[{"href":"https:\/\/anlegal.vn\/vi\/wp-json\/wp\/v2\/pages"}],"about":[{"href":"https:\/\/anlegal.vn\/vi\/wp-json\/wp\/v2\/types\/page"}],"author":[{"embeddable":true,"href":"https:\/\/anlegal.vn\/vi\/wp-json\/wp\/v2\/users\/1"}],"replies":[{"embeddable":true,"href":"https:\/\/anlegal.vn\/vi\/wp-json\/wp\/v2\/comments?post=3721"}],"version-history":[{"count":43,"href":"https:\/\/anlegal.vn\/vi\/wp-json\/wp\/v2\/pages\/3721\/revisions"}],"predecessor-version":[{"id":6986,"href":"https:\/\/anlegal.vn\/vi\/wp-json\/wp\/v2\/pages\/3721\/revisions\/6986"}],"wp:attachment":[{"href":"https:\/\/anlegal.vn\/vi\/wp-json\/wp\/v2\/media?parent=3721"}],"curies":[{"name":"wp","href":"https:\/\/api.w.org\/{rel}","templated":true}]}}