{"id":3956,"date":"2024-02-27T07:13:29","date_gmt":"2024-02-27T00:13:29","guid":{"rendered":"https:\/\/anlegal.vn\/dich-vu\/"},"modified":"2025-12-10T14:01:37","modified_gmt":"2025-12-10T07:01:37","slug":"dich-vu","status":"publish","type":"page","link":"https:\/\/anlegal.vn\/vi\/tin-tuc\/","title":{"rendered":"Tin t\u1ee9c"},"content":{"rendered":"<div class=\"wpb-content-wrapper\"><p>[vc_row row_content_width=&#8221;grid&#8221; css=&#8221;.vc_custom_1711505348808{padding-bottom: 65px !important;}&#8221;][vc_column]<div class=\"mkdf-elements-holder   mkdf-one-column  mkdf-responsive-mode-768 \" ><div class=\"mkdf-eh-item     \"  data-item-class=\"mkdf-eh-custom-7408\">\n\t    <div class=\"mkdf-eh-item-inner\">\n\t\t<div class=\"mkdf-eh-item-content mkdf-eh-custom-7408\" >\n\t\t\t[vc_column_text]<\/p>\n<h2 style=\"text-align: center;\">TIN T\u1ee8C<\/h2>\n<p>[\/vc_column_text][vc_empty_space height=&#8221;20px&#8221;]\t\t<\/div>\n\t<\/div>\n<\/div><\/div>[\/vc_column][\/vc_row][vc_row][vc_column]<div class=\"mkdf-blog-list-holder mkdf-grid-list mkdf-disable-bottom-space mkdf-bl-anlegal mkdf-two-columns mkdf-small-space mkdf-bl-pag-infinite-scroll mkdf-bl-skin-\"  data-type=anlegal data-number-of-posts=6 data-number-of-columns=two data-space-between-items=small data-category=tin-tuc data-orderby=date data-order=DESC data-image-size=full data-title-tag=h5 data-excerpt-length=40 data-post-info-section=yes data-post-info-image=yes data-post-info-date=yes data-enable-excerpt=no data-enable-button=yes data-pagination-type=infinite-scroll data-max-num-pages=16 data-next-page=2>\n\t<div class=\"mkdf-bl-wrapper mkdf-outer-space\">\n\t\t<ul class=\"mkdf-blog-list\">\n\t\t\t<li class=\"mkdf-bl-item mkdf-item-space\">\n\t<div class=\"mkdf-bli-inner\">\t\t\n        <div class=\"post-custom-anlegal\" >\n                            <div class=\"post-anlegal-image\" style=\"background-image: url(https:\/\/anlegal.vn\/wp-content\/uploads\/2024\/02\/gradient-navy-blue-digital-grid-wallpaper-scaled.jpg);\"><\/div>\n                        <div class=\"post-anlegal-content\">\n                                    <div class=\"post-custom-anlegal-info\">\n                        <div itemprop=\"dateCreated\" class=\"mkdf-post-info-date entry-date published updated\">\n    <p class=\"time-post anlegal-blog\">\n        24 th\u00e1ng 4 2026    <\/p>\n    <meta itemprop=\"interactionCount\" content=\"UserComments: 0\"\/>\n<\/div>                    <\/div>\n                        \n                <h2 itemprop=\"name\" class=\"entry-title mkdf-post-title\">\n                    <a itemprop=\"url\" href=\"https:\/\/anlegal.vn\/vi\/uncategorized-vi\/anl-sharing-90-mot-so-diem-moi-quan-trong-cua-nghi-dinh-96-2026\/\" title=\"[ANL SHARING 90] M\u1ed8T S\u1ed0 \u0110I\u1ec2M M\u1edaI QUAN TR\u1eccNG  C\u1ee6A NGH\u1eca \u0110\u1ecaNH 96\/2026\">\n                    [ANL SHARING 90] M\u1ed8T S\u1ed0 \u0110I\u1ec2M M\u1edaI QUAN TR\u1eccNG  C\u1ee6A NGH\u1eca \u0110\u1ecaNH 96\/2026<\/a>\n                <\/h2>\n        \n                <div class=\"post-custom-anlegal-excerpt\">\n                                    <\/div>\n            <\/div>\n        <\/div>\n        <div class=\"anlegal-btnReadmore\">\n            \t<div class=\"mkdf-post-read-more-button\">\n\t\t\t\t\t\t\n\t\t\t\t<a itemprop=\"url\" href=\"https:\/\/anlegal.vn\/vi\/uncategorized-vi\/anl-sharing-90-mot-so-diem-moi-quan-trong-cua-nghi-dinh-96-2026\/ \" target=\"_self\" class=\"anlegal-readmore\"> \n\t\t\t\t\t<span>\n\t\t\t\t\t\t<svg xmlns=\"http:\/\/www.w3.org\/2000\/svg\" xmlns:xlink=\"http:\/\/www.w3.org\/1999\/xlink\" x=\"0px\" y=\"0px\" viewBox=\"0 0 100 59\" style=\"enable-background:new 0 0 100 59;\" xml:space=\"preserve\">\n\t\t\t\t\t\t\t<polygon points=\"59.9,6.1 79.4,25.7 6,25.7 6,33.3 79.4,33.3 59.9,52.9 65.3,58.2 94,29.5 65.3,0.8 \"><\/polygon><\/svg>\n\t\t\t\t\t<\/span>\n\t\t\t\t<\/a>\n\t\t\t\t<\/div>\n        <\/div>\n\t<\/div>\n<\/li><li class=\"mkdf-bl-item mkdf-item-space\">\n\t<div class=\"mkdf-bli-inner\">\t\t\n        <div class=\"post-custom-anlegal\" >\n                            <div class=\"post-anlegal-image\" style=\"background-image: url(https:\/\/anlegal.vn\/wp-content\/uploads\/2024\/02\/gradient-navy-blue-digital-grid-wallpaper-scaled.jpg);\"><\/div>\n                        <div class=\"post-anlegal-content\">\n                                    <div class=\"post-custom-anlegal-info\">\n                        <div itemprop=\"dateCreated\" class=\"mkdf-post-info-date entry-date published updated\">\n    <p class=\"time-post anlegal-blog\">\n        03 th\u00e1ng 4 2026    <\/p>\n    <meta itemprop=\"interactionCount\" content=\"UserComments: 0\"\/>\n<\/div>                    <\/div>\n                        \n                <h2 itemprop=\"name\" class=\"entry-title mkdf-post-title\">\n                    <a itemprop=\"url\" href=\"https:\/\/anlegal.vn\/vi\/uncategorized-vi\/anl-sharing-89-nghi-dinh-50-2026-nd-cp-huong-dan-nghi-quyet-254-2025-qh15\/\" title=\"[ANL SHARING 89] NGH\u1eca \u0110\u1ecaNH 50\/2026\/N\u0110-CP H\u01af\u1edaNG D\u1eaaN NGH\u1eca QUY\u1ebeT 254\/2025\/QH15\">\n                    [ANL SHARING 89] NGH\u1eca \u0110\u1ecaNH 50\/2026\/N\u0110-CP H\u01af\u1edaNG D\u1eaaN NGH\u1eca QUY\u1ebeT 254\/2025\/QH15<\/a>\n                <\/h2>\n        \n                <div class=\"post-custom-anlegal-excerpt\">\n                                    <\/div>\n            <\/div>\n        <\/div>\n        <div class=\"anlegal-btnReadmore\">\n            \t<div class=\"mkdf-post-read-more-button\">\n\t\t\t\t\t\t\n\t\t\t\t<a itemprop=\"url\" href=\"https:\/\/anlegal.vn\/vi\/uncategorized-vi\/anl-sharing-89-nghi-dinh-50-2026-nd-cp-huong-dan-nghi-quyet-254-2025-qh15\/ \" target=\"_self\" class=\"anlegal-readmore\"> \n\t\t\t\t\t<span>\n\t\t\t\t\t\t<svg xmlns=\"http:\/\/www.w3.org\/2000\/svg\" xmlns:xlink=\"http:\/\/www.w3.org\/1999\/xlink\" x=\"0px\" y=\"0px\" viewBox=\"0 0 100 59\" style=\"enable-background:new 0 0 100 59;\" xml:space=\"preserve\">\n\t\t\t\t\t\t\t<polygon points=\"59.9,6.1 79.4,25.7 6,25.7 6,33.3 79.4,33.3 59.9,52.9 65.3,58.2 94,29.5 65.3,0.8 \"><\/polygon><\/svg>\n\t\t\t\t\t<\/span>\n\t\t\t\t<\/a>\n\t\t\t\t<\/div>\n        <\/div>\n\t<\/div>\n<\/li><li class=\"mkdf-bl-item mkdf-item-space\">\n\t<div class=\"mkdf-bli-inner\">\t\t\n        <div class=\"post-custom-anlegal\" >\n                            <div class=\"post-anlegal-image\" style=\"background-image: url(https:\/\/anlegal.vn\/wp-content\/uploads\/2024\/02\/gradient-navy-blue-digital-grid-wallpaper-scaled.jpg);\"><\/div>\n                        <div class=\"post-anlegal-content\">\n                                    <div class=\"post-custom-anlegal-info\">\n                        <div itemprop=\"dateCreated\" class=\"mkdf-post-info-date entry-date published updated\">\n    <p class=\"time-post anlegal-blog\">\n        20 th\u00e1ng 3 2026    <\/p>\n    <meta itemprop=\"interactionCount\" content=\"UserComments: 0\"\/>\n<\/div>                    <\/div>\n                        \n                <h2 itemprop=\"name\" class=\"entry-title mkdf-post-title\">\n                    <a itemprop=\"url\" href=\"https:\/\/anlegal.vn\/vi\/uncategorized-vi\/anl-sharing-87-nghi-dinh-49-2026-nd-cp-huong-dan-nghi-quyet-254-2025-qh15\/\" title=\"[ANL SHARING 87] NGH\u1eca \u0110\u1ecaNH 49\/2026\/N\u0110-CP H\u01af\u1edaNG D\u1eaaN NGH\u1eca QUY\u1ebeT 254\/2025\/QH15\">\n                    [ANL SHARING 87] NGH\u1eca \u0110\u1ecaNH 49\/2026\/N\u0110-CP H\u01af\u1edaNG D\u1eaaN NGH\u1eca QUY\u1ebeT 254\/2025\/QH15<\/a>\n                <\/h2>\n        \n                <div class=\"post-custom-anlegal-excerpt\">\n                                    <\/div>\n            <\/div>\n        <\/div>\n        <div class=\"anlegal-btnReadmore\">\n            \t<div class=\"mkdf-post-read-more-button\">\n\t\t\t\t\t\t\n\t\t\t\t<a itemprop=\"url\" href=\"https:\/\/anlegal.vn\/vi\/uncategorized-vi\/anl-sharing-87-nghi-dinh-49-2026-nd-cp-huong-dan-nghi-quyet-254-2025-qh15\/ \" target=\"_self\" class=\"anlegal-readmore\"> \n\t\t\t\t\t<span>\n\t\t\t\t\t\t<svg xmlns=\"http:\/\/www.w3.org\/2000\/svg\" xmlns:xlink=\"http:\/\/www.w3.org\/1999\/xlink\" x=\"0px\" y=\"0px\" viewBox=\"0 0 100 59\" style=\"enable-background:new 0 0 100 59;\" xml:space=\"preserve\">\n\t\t\t\t\t\t\t<polygon points=\"59.9,6.1 79.4,25.7 6,25.7 6,33.3 79.4,33.3 59.9,52.9 65.3,58.2 94,29.5 65.3,0.8 \"><\/polygon><\/svg>\n\t\t\t\t\t<\/span>\n\t\t\t\t<\/a>\n\t\t\t\t<\/div>\n        <\/div>\n\t<\/div>\n<\/li><li class=\"mkdf-bl-item mkdf-item-space\">\n\t<div class=\"mkdf-bli-inner\">\t\t\n        <div class=\"post-custom-anlegal\" >\n                            <div class=\"post-anlegal-image\" style=\"background-image: url(https:\/\/anlegal.vn\/wp-content\/uploads\/2024\/02\/gradient-navy-blue-digital-grid-wallpaper-scaled.jpg);\"><\/div>\n                        <div class=\"post-anlegal-content\">\n                                    <div class=\"post-custom-anlegal-info\">\n                        <div itemprop=\"dateCreated\" class=\"mkdf-post-info-date entry-date published updated\">\n    <p class=\"time-post anlegal-blog\">\n        27 th\u00e1ng 2 2026    <\/p>\n    <meta itemprop=\"interactionCount\" content=\"UserComments: 0\"\/>\n<\/div>                    <\/div>\n                        \n                <h2 itemprop=\"name\" class=\"entry-title mkdf-post-title\">\n                    <a itemprop=\"url\" href=\"https:\/\/anlegal.vn\/vi\/uncategorized-vi\/anl-sharing-86-co-che-chinh-sach-dac-thu-phat-trien-tp-hcm-ng-260-2025-qh15\/\" title=\"[ANL SHARING 86] C\u01a0 CH\u1ebe, CH\u00cdNH S\u00c1CH \u0110\u1eb6C TH\u00d9 PH\u00c1T TRI\u1ec2N TP. HCM NGH\u1eca QUY\u1ebeT 260\/2025\/QH15\">\n                    [ANL SHARING 86] C\u01a0 CH\u1ebe, CH\u00cdNH S\u00c1CH \u0110\u1eb6C TH\u00d9 PH\u00c1T TRI\u1ec2N TP. HCM NGH\u1eca QUY\u1ebeT 260\/2025\/QH15<\/a>\n                <\/h2>\n        \n                <div class=\"post-custom-anlegal-excerpt\">\n                                    <\/div>\n            <\/div>\n        <\/div>\n        <div class=\"anlegal-btnReadmore\">\n            \t<div class=\"mkdf-post-read-more-button\">\n\t\t\t\t\t\t\n\t\t\t\t<a itemprop=\"url\" href=\"https:\/\/anlegal.vn\/vi\/uncategorized-vi\/anl-sharing-86-co-che-chinh-sach-dac-thu-phat-trien-tp-hcm-ng-260-2025-qh15\/ \" target=\"_self\" class=\"anlegal-readmore\"> \n\t\t\t\t\t<span>\n\t\t\t\t\t\t<svg xmlns=\"http:\/\/www.w3.org\/2000\/svg\" xmlns:xlink=\"http:\/\/www.w3.org\/1999\/xlink\" x=\"0px\" y=\"0px\" viewBox=\"0 0 100 59\" style=\"enable-background:new 0 0 100 59;\" xml:space=\"preserve\">\n\t\t\t\t\t\t\t<polygon points=\"59.9,6.1 79.4,25.7 6,25.7 6,33.3 79.4,33.3 59.9,52.9 65.3,58.2 94,29.5 65.3,0.8 \"><\/polygon><\/svg>\n\t\t\t\t\t<\/span>\n\t\t\t\t<\/a>\n\t\t\t\t<\/div>\n        <\/div>\n\t<\/div>\n<\/li><li class=\"mkdf-bl-item mkdf-item-space\">\n\t<div class=\"mkdf-bli-inner\">\t\t\n        <div class=\"post-custom-anlegal\" >\n                            <div class=\"post-anlegal-image\" style=\"background-image: url(https:\/\/anlegal.vn\/wp-content\/uploads\/2024\/02\/gradient-navy-blue-digital-grid-wallpaper-scaled.jpg);\"><\/div>\n                        <div class=\"post-anlegal-content\">\n                                    <div class=\"post-custom-anlegal-info\">\n                        <div itemprop=\"dateCreated\" class=\"mkdf-post-info-date entry-date published updated\">\n    <p class=\"time-post anlegal-blog\">\n        06 th\u00e1ng 2 2026    <\/p>\n    <meta itemprop=\"interactionCount\" content=\"UserComments: 0\"\/>\n<\/div>                    <\/div>\n                        \n                <h2 itemprop=\"name\" class=\"entry-title mkdf-post-title\">\n                    <a itemprop=\"url\" href=\"https:\/\/anlegal.vn\/vi\/uncategorized-vi\/anl-sharing-85-nghi-quyet-254-2025-qh15-ve-co-che-chinh-sach-thao-go-kho-khan-vuong-mac-trong-to-chuc-thi-hanh-luat-dat-dai-phan-2\/\" title=\"[ANL SHARING 85] NGH\u1eca QUY\u1ebeT 254\/2025\/QH15 V\u1ec0 C\u01a0 CH\u1ebe, CH\u00cdNH S\u00c1CH TH\u00c1O G\u1ee0 KH\u00d3 KH\u0102N, V\u01af\u1edaNG M\u1eaeC TRONG T\u1ed4 CH\u1ee8C THI H\u00c0NH LU\u1eacT \u0110\u1ea4T \u0110AI (Ph\u1ea7n 2)\">\n                    [ANL SHARING 85] NGH\u1eca QUY\u1ebeT 254\/2025\/QH15 V\u1ec0 C\u01a0 CH\u1ebe, CH\u00cdNH S\u00c1CH TH\u00c1O G\u1ee0 KH\u00d3 KH\u0102N, V\u01af\u1edaNG M\u1eaeC TRONG T\u1ed4 CH\u1ee8C THI H\u00c0NH LU\u1eacT \u0110\u1ea4T \u0110AI (Ph\u1ea7n 2)<\/a>\n                <\/h2>\n        \n                <div class=\"post-custom-anlegal-excerpt\">\n                                    <\/div>\n            <\/div>\n        <\/div>\n        <div class=\"anlegal-btnReadmore\">\n            \t<div class=\"mkdf-post-read-more-button\">\n\t\t\t\t\t\t\n\t\t\t\t<a itemprop=\"url\" href=\"https:\/\/anlegal.vn\/vi\/uncategorized-vi\/anl-sharing-85-nghi-quyet-254-2025-qh15-ve-co-che-chinh-sach-thao-go-kho-khan-vuong-mac-trong-to-chuc-thi-hanh-luat-dat-dai-phan-2\/ \" target=\"_self\" class=\"anlegal-readmore\"> \n\t\t\t\t\t<span>\n\t\t\t\t\t\t<svg xmlns=\"http:\/\/www.w3.org\/2000\/svg\" xmlns:xlink=\"http:\/\/www.w3.org\/1999\/xlink\" x=\"0px\" y=\"0px\" viewBox=\"0 0 100 59\" style=\"enable-background:new 0 0 100 59;\" xml:space=\"preserve\">\n\t\t\t\t\t\t\t<polygon points=\"59.9,6.1 79.4,25.7 6,25.7 6,33.3 79.4,33.3 59.9,52.9 65.3,58.2 94,29.5 65.3,0.8 \"><\/polygon><\/svg>\n\t\t\t\t\t<\/span>\n\t\t\t\t<\/a>\n\t\t\t\t<\/div>\n        <\/div>\n\t<\/div>\n<\/li><li class=\"mkdf-bl-item mkdf-item-space\">\n\t<div class=\"mkdf-bli-inner\">\t\t\n        <div class=\"post-custom-anlegal\" >\n                            <div class=\"post-anlegal-image\" style=\"background-image: url(https:\/\/anlegal.vn\/wp-content\/uploads\/2024\/02\/gradient-navy-blue-digital-grid-wallpaper-scaled.jpg);\"><\/div>\n                        <div class=\"post-anlegal-content\">\n                                    <div class=\"post-custom-anlegal-info\">\n                        <div itemprop=\"dateCreated\" class=\"mkdf-post-info-date entry-date published updated\">\n    <p class=\"time-post anlegal-blog\">\n        30 th\u00e1ng 1 2026    <\/p>\n    <meta itemprop=\"interactionCount\" content=\"UserComments: 0\"\/>\n<\/div>                    <\/div>\n                        \n                <h2 itemprop=\"name\" class=\"entry-title mkdf-post-title\">\n                    <a itemprop=\"url\" href=\"https:\/\/anlegal.vn\/vi\/uncategorized-vi\/anl-sharing-83-nghi-quyet-254-2025-qh15-ve-co-che-chinh-sach-thao-go-kho-khan-vuong-mac-trong-to-chuc-thi-hanh-luat-dat-dai-phan-1\/\" title=\"[ANL SHARING 83] NGH\u1eca QUY\u1ebeT 254\/2025\/QH15 V\u1ec0 C\u01a0 CH\u1ebe, CH\u00cdNH S\u00c1CH TH\u00c1O G\u1ee0 KH\u00d3 KH\u0102N, V\u01af\u1edaNG M\u1eaeC TRONG T\u1ed4 CH\u1ee8C THI H\u00c0NH LU\u1eacT \u0110\u1ea4T \u0110AI (Ph\u1ea7n 1)\">\n                    [ANL SHARING 83] NGH\u1eca QUY\u1ebeT 254\/2025\/QH15 V\u1ec0 C\u01a0 CH\u1ebe, CH\u00cdNH S\u00c1CH TH\u00c1O G\u1ee0 KH\u00d3 KH\u0102N, V\u01af\u1edaNG M\u1eaeC TRONG T\u1ed4 CH\u1ee8C THI H\u00c0NH LU\u1eacT \u0110\u1ea4T \u0110AI (Ph\u1ea7n 1)<\/a>\n                <\/h2>\n        \n                <div class=\"post-custom-anlegal-excerpt\">\n                                    <\/div>\n            <\/div>\n        <\/div>\n        <div class=\"anlegal-btnReadmore\">\n            \t<div class=\"mkdf-post-read-more-button\">\n\t\t\t\t\t\t\n\t\t\t\t<a itemprop=\"url\" href=\"https:\/\/anlegal.vn\/vi\/uncategorized-vi\/anl-sharing-83-nghi-quyet-254-2025-qh15-ve-co-che-chinh-sach-thao-go-kho-khan-vuong-mac-trong-to-chuc-thi-hanh-luat-dat-dai-phan-1\/ \" target=\"_self\" class=\"anlegal-readmore\"> \n\t\t\t\t\t<span>\n\t\t\t\t\t\t<svg xmlns=\"http:\/\/www.w3.org\/2000\/svg\" xmlns:xlink=\"http:\/\/www.w3.org\/1999\/xlink\" x=\"0px\" y=\"0px\" viewBox=\"0 0 100 59\" style=\"enable-background:new 0 0 100 59;\" xml:space=\"preserve\">\n\t\t\t\t\t\t\t<polygon points=\"59.9,6.1 79.4,25.7 6,25.7 6,33.3 79.4,33.3 59.9,52.9 65.3,58.2 94,29.5 65.3,0.8 \"><\/polygon><\/svg>\n\t\t\t\t\t<\/span>\n\t\t\t\t<\/a>\n\t\t\t\t<\/div>\n        <\/div>\n\t<\/div>\n<\/li>\t\t<\/ul>\n\t<\/div>\n\t\t<div class=\"mkdf-blog-pag-loading\">\n\t\t<div class=\"mkdf-blog-pag-bounce1\"><\/div>\n\t\t<div class=\"mkdf-blog-pag-bounce2\"><\/div>\n\t\t<div class=\"mkdf-blog-pag-bounce3\"><\/div>\n\t<\/div>\n<\/div>[\/vc_column][\/vc_row]<\/p>\n<\/div>","protected":false},"excerpt":{"rendered":"<p>[vc_row row_content_width=&#8221;grid&#8221; css=&#8221;.vc_custom_1711505348808{padding-bottom: 65px !important;}&#8221;][vc_column][\/vc_column][\/vc_row][vc_row][vc_column][\/vc_column][\/vc_row]<\/p>\n","protected":false},"author":1,"featured_media":0,"parent":0,"menu_order":0,"comment_status":"closed","ping_status":"closed","template":"","meta":{"_acf_changed":false,"footnotes":""},"acf":[],"yoast_head":"<!-- This site is optimized with the Yoast SEO Premium plugin v21.3 (Yoast SEO v22.3) - https:\/\/yoast.com\/wordpress\/plugins\/seo\/ -->\n<title>Tin t\u1ee9c - AN Legal LLP website<\/title>\n<meta name=\"robots\" content=\"index, follow, max-snippet:-1, max-image-preview:large, max-video-preview:-1\" \/>\n<link rel=\"canonical\" href=\"https:\/\/anlegal.vn\/vi\/tin-tuc\/\" \/>\n<meta property=\"og:locale\" content=\"vi_VN\" \/>\n<meta property=\"og:type\" content=\"article\" \/>\n<meta property=\"og:title\" content=\"Tin t\u1ee9c - AN Legal LLP website\" \/>\n<meta property=\"og:description\" content=\"[vc_row row_content_width=&#8221;grid&#8221; css=&#8221;.vc_custom_1711505348808{padding-bottom: 65px !important;}&#8221;][vc_column][\/vc_column][\/vc_row][vc_row][vc_column][\/vc_column][\/vc_row]\" \/>\n<meta property=\"og:url\" content=\"https:\/\/anlegal.vn\/vi\/tin-tuc\/\" \/>\n<meta property=\"og:site_name\" content=\"AN Legal LLP website\" \/>\n<meta property=\"article:modified_time\" content=\"2025-12-10T07:01:37+00:00\" \/>\n<meta name=\"twitter:card\" content=\"summary_large_image\" \/>\n<meta name=\"twitter:label1\" content=\"Est. reading time\" \/>\n\t<meta name=\"twitter:data1\" content=\"1 minute\" \/>\n<script type=\"application\/ld+json\" class=\"yoast-schema-graph\">{\"@context\":\"https:\/\/schema.org\",\"@graph\":[{\"@type\":\"WebPage\",\"@id\":\"https:\/\/anlegal.vn\/vi\/tin-tuc\/\",\"url\":\"https:\/\/anlegal.vn\/vi\/tin-tuc\/\",\"name\":\"Tin t\u1ee9c - AN Legal LLP website\",\"isPartOf\":{\"@id\":\"https:\/\/anlegal.vn\/vi\/#website\"},\"datePublished\":\"2024-02-27T00:13:29+00:00\",\"dateModified\":\"2025-12-10T07:01:37+00:00\",\"inLanguage\":\"vi-VN\",\"potentialAction\":[{\"@type\":\"ReadAction\",\"target\":[\"https:\/\/anlegal.vn\/vi\/tin-tuc\/\"]}]},{\"@type\":\"WebSite\",\"@id\":\"https:\/\/anlegal.vn\/vi\/#website\",\"url\":\"https:\/\/anlegal.vn\/vi\/\",\"name\":\"AN Legal LLP\",\"description\":\"AN Legal LLP\",\"alternateName\":\"AN Legal LLP\",\"potentialAction\":[{\"@type\":\"SearchAction\",\"target\":{\"@type\":\"EntryPoint\",\"urlTemplate\":\"https:\/\/anlegal.vn\/vi\/?s={search_term_string}\"},\"query-input\":\"required name=search_term_string\"}],\"inLanguage\":\"vi-VN\"}]}<\/script>\n<!-- \/ Yoast SEO Premium plugin. -->","yoast_head_json":{"title":"Tin t\u1ee9c - AN Legal LLP website","robots":{"index":"index","follow":"follow","max-snippet":"max-snippet:-1","max-image-preview":"max-image-preview:large","max-video-preview":"max-video-preview:-1"},"canonical":"https:\/\/anlegal.vn\/vi\/tin-tuc\/","og_locale":"vi_VN","og_type":"article","og_title":"Tin t\u1ee9c - AN Legal LLP website","og_description":"[vc_row row_content_width=&#8221;grid&#8221; css=&#8221;.vc_custom_1711505348808{padding-bottom: 65px !important;}&#8221;][vc_column][\/vc_column][\/vc_row][vc_row][vc_column][\/vc_column][\/vc_row]","og_url":"https:\/\/anlegal.vn\/vi\/tin-tuc\/","og_site_name":"AN Legal LLP website","article_modified_time":"2025-12-10T07:01:37+00:00","twitter_card":"summary_large_image","twitter_misc":{"Est. reading time":"1 minute"},"schema":{"@context":"https:\/\/schema.org","@graph":[{"@type":"WebPage","@id":"https:\/\/anlegal.vn\/vi\/tin-tuc\/","url":"https:\/\/anlegal.vn\/vi\/tin-tuc\/","name":"Tin t\u1ee9c - AN Legal LLP website","isPartOf":{"@id":"https:\/\/anlegal.vn\/vi\/#website"},"datePublished":"2024-02-27T00:13:29+00:00","dateModified":"2025-12-10T07:01:37+00:00","inLanguage":"vi-VN","potentialAction":[{"@type":"ReadAction","target":["https:\/\/anlegal.vn\/vi\/tin-tuc\/"]}]},{"@type":"WebSite","@id":"https:\/\/anlegal.vn\/vi\/#website","url":"https:\/\/anlegal.vn\/vi\/","name":"AN Legal LLP","description":"AN Legal LLP","alternateName":"AN Legal LLP","potentialAction":[{"@type":"SearchAction","target":{"@type":"EntryPoint","urlTemplate":"https:\/\/anlegal.vn\/vi\/?s={search_term_string}"},"query-input":"required name=search_term_string"}],"inLanguage":"vi-VN"}]}},"_links":{"self":[{"href":"https:\/\/anlegal.vn\/vi\/wp-json\/wp\/v2\/pages\/3956"}],"collection":[{"href":"https:\/\/anlegal.vn\/vi\/wp-json\/wp\/v2\/pages"}],"about":[{"href":"https:\/\/anlegal.vn\/vi\/wp-json\/wp\/v2\/types\/page"}],"author":[{"embeddable":true,"href":"https:\/\/anlegal.vn\/vi\/wp-json\/wp\/v2\/users\/1"}],"replies":[{"embeddable":true,"href":"https:\/\/anlegal.vn\/vi\/wp-json\/wp\/v2\/comments?post=3956"}],"version-history":[{"count":31,"href":"https:\/\/anlegal.vn\/vi\/wp-json\/wp\/v2\/pages\/3956\/revisions"}],"predecessor-version":[{"id":8827,"href":"https:\/\/anlegal.vn\/vi\/wp-json\/wp\/v2\/pages\/3956\/revisions\/8827"}],"wp:attachment":[{"href":"https:\/\/anlegal.vn\/vi\/wp-json\/wp\/v2\/media?parent=3956"}],"curies":[{"name":"wp","href":"https:\/\/api.w.org\/{rel}","templated":true}]}}