{"id":4101,"date":"2024-02-28T04:45:57","date_gmt":"2024-02-27T21:45:57","guid":{"rendered":"https:\/\/anlegal.vn\/dieu-khoan-va-dieu-kien\/"},"modified":"2024-03-26T09:18:44","modified_gmt":"2024-03-26T02:18:44","slug":"dieu-khoan-va-dieu-kien","status":"publish","type":"page","link":"https:\/\/anlegal.vn\/vi\/dieu-khoan-va-dieu-kien\/","title":{"rendered":"\u0110i\u1ec1u kho\u1ea3n v\u00e0 \u0111i\u1ec1u ki\u1ec7n"},"content":{"rendered":"<div class=\"wpb-content-wrapper\"><p>[vc_section][vc_row][vc_column][vc_column_text]<\/p>\n<h3>\u0110i\u1ec1u kho\u1ea3n v\u00e0 \u0111i\u1ec1u ki\u1ec7n<\/h3>\n<p>Ch\u00fang t\u00f4i s\u1eed d\u1ee5ng vi\u1ec7c s\u1eed d\u1ee5ng cookie. B\u1eb1ng c\u00e1ch truy c\u1eadp trang web c\u1ee7a <strong>\n<span class=\"mkdf-highlight\" style=\"color: #203164\">\n\tAN Legal<\/span><\/strong>, b\u1ea1n \u0111\u00e3 \u0111\u1ed3ng \u00fd s\u1eed d\u1ee5ng cookie theo Ch\u00ednh s\u00e1ch quy\u1ec1n ri\u00eang t\u01b0 c\u1ee7a <strong>\n<span class=\"mkdf-highlight\" style=\"color: #203164\">\n\tAN Legal.<\/span><\/strong>[\/vc_column_text][\/vc_column][\/vc_row][vc_row][vc_column][vc_column_text]<\/p>\n<h3>Cookies<\/h3>\n<p>C\u00e1c \u0111i\u1ec1u kho\u1ea3n v\u00e0 \u0111i\u1ec1u ki\u1ec7n n\u00e0y n\u00eau r\u00f5 c\u00e1c quy t\u1eafc v\u00e0 quy \u0111\u1ecbnh v\u1ec1 vi\u1ec7c s\u1eed d\u1ee5ng Trang web c\u1ee7a <strong>\n<span class=\"mkdf-highlight\" style=\"color: #203164\">\n\tAN Legal<\/span><\/strong>, c\u00f3 t\u1ea1i <a href=\"https:\/\/anlegal.vn\/vi\/\">https:\/\/anlegal.vn\/<\/a><\/p>\n<p>B\u1eb1ng c\u00e1ch truy c\u1eadp trang web n\u00e0y, ch\u00fang t\u00f4i coi nh\u01b0 b\u1ea1n ch\u1ea5p nh\u1eadn c\u00e1c \u0111i\u1ec1u kho\u1ea3n v\u00e0 \u0111i\u1ec1u ki\u1ec7n n\u00e0y. Kh\u00f4ng ti\u1ebfp t\u1ee5c s\u1eed d\u1ee5ng trang web c\u1ee7a <strong>\n<span class=\"mkdf-highlight\" style=\"color: #203164\">\n\tAN Legal<\/span><\/strong> n\u1ebfu b\u1ea1n kh\u00f4ng \u0111\u1ed3ng \u00fd th\u1ef1c hi\u1ec7n t\u1ea5t c\u1ea3 c\u00e1c \u0111i\u1ec1u kho\u1ea3n v\u00e0 \u0111i\u1ec1u ki\u1ec7n \u0111\u01b0\u1ee3c n\u00eau tr\u00ean trang n\u00e0y.[\/vc_column_text][\/vc_column][\/vc_row][\/vc_section][vc_section][vc_row][vc_column][vc_column_text]<\/p>\n<h3>Gi\u1ea5y ph\u00e9p<\/h3>\n<p>Tr\u1eeb khi c\u00f3 quy \u0111\u1ecbnh kh\u00e1c, <strong>\n<span class=\"mkdf-highlight\" style=\"color: #203164\">\n\tAN Legal<\/span><\/strong> v\u00e0 nh\u1eefng ng\u01b0\u1eddi c\u1ea5p ph\u00e9p c\u1ee7a AN Legal s\u1edf h\u1eefu quy\u1ec1n s\u1edf h\u1eefu tr\u00ed tu\u1ec7 \u0111\u1ed1i v\u1edbi t\u1ea5t c\u1ea3 t\u00e0i li\u1ec7u tr\u00ean <strong>\n<span class=\"mkdf-highlight\" style=\"color: #203164\">\n\tAN Legal<\/span><\/strong>. T\u1ea5t c\u1ea3 c\u00e1c quy\u1ec1n s\u1edf h\u1eefu tr\u00ed tu\u1ec7 \u0111\u1ec1u \u0111\u01b0\u1ee3c b\u1ea3o l\u01b0u. B\u1ea1n c\u00f3 th\u1ec3 truy c\u1eadp th\u00f4ng tin n\u00e0y t\u1eeb <strong>\n<span class=\"mkdf-highlight\" style=\"color: #203164\">\n\tAN Legal<\/span><\/strong> cho m\u1ee5c \u0111\u00edch s\u1eed d\u1ee5ng c\u00e1 nh\u00e2n c\u1ee7a ri\u00eang b\u1ea1n v\u1edbi c\u00e1c h\u1ea1n ch\u1ebf \u0111\u01b0\u1ee3c \u0111\u1eb7t ra trong c\u00e1c \u0111i\u1ec1u kho\u1ea3n v\u00e0 \u0111i\u1ec1u ki\u1ec7n n\u00e0y.[\/vc_column_text][\/vc_column][\/vc_row][\/vc_section][vc_section][vc_row][vc_column][vc_column_text]<\/p>\n<h3>\u0110I\u1ec1u kho\u1ea3n c\u1ea5m:<\/h3>\n<ul>\n<li>T\u00e1i xu\u1ea5t b\u1ea3n t\u00e0i li\u1ec7u t\u1eeb <strong>\n<span class=\"mkdf-highlight\" style=\"color: #203164\">\n\tAN Legal<\/span><\/strong> <\/li>\n<li>B\u00e1n, thu\u00ea ho\u1eb7c c\u1ea5p gi\u1ea5y ph\u00e9p ph\u1ee5 cho t\u00e0i li\u1ec7u t\u1eeb <strong>\n<span class=\"mkdf-highlight\" style=\"color: #203164\">\n\tAN Legal<\/span><\/strong><\/li>\n<li>T\u00e1i s\u1ea3n xu\u1ea5t, sao ch\u00e9p ho\u1eb7c sao ch\u00e9p t\u00e0i li\u1ec7u t\u1eeb <strong>\n<span class=\"mkdf-highlight\" style=\"color: #203164\">\n\tAN Legal<\/span><\/strong><\/li>\n<li>Ph\u00e2n ph\u1ed1i l\u1ea1i n\u1ed9i dung t\u1eeb c\u00e1c si\u00eau li\u00ean k\u1ebft c\u1ee7a <strong>\n<span class=\"mkdf-highlight\" style=\"color: #203164\">\n\tAN Legal<\/span><\/strong> Hyperlinking \u0111\u1ebfn N\u1ed9i dung c\u1ee7a ch\u00fang t\u00f4i.<\/li>\n<\/ul>\n<p>[\/vc_column_text][\/vc_column][\/vc_row][\/vc_section][vc_section][vc_row][vc_column][vc_column_text]<\/p>\n<h3>C\u00e1c t\u1ed5 ch\u1ee9c sau \u0111\u00e2y c\u00f3 th\u1ec3 li\u00ean k\u1ebft \u0111\u1ebfn Trang web c\u1ee7a ch\u00fang t\u00f4i m\u00e0 kh\u00f4ng c\u1ea7n c\u00f3 s\u1ef1 ch\u1ea5p thu\u1eadn tr\u01b0\u1edbc b\u1eb1ng v\u0103n b\u1ea3n:<\/h3>\n<ul>\n<li>C\u01a1 quan ch\u00ednh ph\u1ee7<\/li>\n<li>C\u00f4ng c\u1ee5 t\u00ecm ki\u1ebfm<\/li>\n<li>T\u1ed5 ch\u1ee9c tin t\u1ee9c<\/li>\n<li>C\u00e1c nh\u00e0 ph\u00e2n ph\u1ed1i th\u01b0 m\u1ee5c tr\u1ef1c tuy\u1ebfn c\u00f3 th\u1ec3 li\u00ean k\u1ebft \u0111\u1ebfn Trang web c\u1ee7a ch\u00fang t\u00f4i theo c\u00e1ch t\u01b0\u01a1ng t\u1ef1 nh\u01b0 c\u00e1ch h\u1ecd si\u00eau li\u00ean k\u1ebft \u0111\u1ebfn Trang web c\u1ee7a c\u00e1c doanh nghi\u1ec7p \u0111\u01b0\u1ee3c li\u1ec7t k\u00ea kh\u00e1c<\/li>\n<li>V\u00e0 c\u00e1c Doanh nghi\u1ec7p \u0111\u01b0\u1ee3c c\u00f4ng nh\u1eadn tr\u00ean to\u00e0n h\u1ec7 th\u1ed1ng ngo\u1ea1i tr\u1eeb vi\u1ec7c thu h\u00fat c\u00e1c t\u1ed5 ch\u1ee9c phi l\u1ee3i nhu\u1eadn, trung t\u00e2m mua s\u1eafm t\u1eeb thi\u1ec7n v\u00e0 c\u00e1c nh\u00f3m g\u00e2y qu\u1ef9 t\u1eeb thi\u1ec7n kh\u00f4ng \u0111\u01b0\u1ee3c li\u00ean k\u1ebft \u0111\u1ebfn Trang web c\u1ee7a ch\u00fang t\u00f4i.<\/li>\n<\/ul>\n<p>C\u00e1c t\u1ed5 ch\u1ee9c n\u00e0y c\u00f3 th\u1ec3 li\u00ean k\u1ebft \u0111\u1ebfn trang ch\u1ee7 c\u1ee7a ch\u00fang t\u00f4i, t\u1edbi c\u00e1c \u1ea5n ph\u1ea9m ho\u1eb7c t\u1edbi th\u00f4ng tin Trang web kh\u00e1c mi\u1ec5n l\u00e0 li\u00ean k\u1ebft \u0111\u00f3: (a) kh\u00f4ng l\u1eeba \u0111\u1ea3o d\u01b0\u1edbi b\u1ea5t k\u1ef3 h\u00ecnh th\u1ee9c n\u00e0o; (b) kh\u00f4ng ng\u1ee5 \u00fd sai s\u1ef1 th\u1eadt v\u1ec1 t\u00e0i tr\u1ee3, ch\u1ee9ng th\u1ef1c ho\u1eb7c ph\u00ea duy\u1ec7t c\u1ee7a b\u00ean li\u00ean k\u1ebft c\u0169ng nh\u01b0 c\u00e1c s\u1ea3n ph\u1ea9m v\u00e0 d\u1ecbch v\u1ee5 c\u1ee7a b\u00ean \u0111\u00f3; (c) ph\u00f9 h\u1ee3p v\u1edbi b\u1ed1i c\u1ea3nh trang web c\u1ee7a b\u00ean li\u00ean k\u1ebft.[\/vc_column_text][\/vc_column][\/vc_row][\/vc_section][vc_section][vc_row][vc_column][vc_column_text]<\/p>\n<h3>Ch\u00fang t\u00f4i c\u00f3 th\u1ec3 xem x\u00e9t v\u00e0 ph\u00ea duy\u1ec7t c\u00e1c y\u00eau c\u1ea7u li\u00ean k\u1ebft kh\u00e1c t\u1eeb c\u00e1c lo\u1ea1i t\u1ed5 ch\u1ee9c sau:<\/h3>\n<ul>\n<li>ngu\u1ed3n th\u00f4ng tin ng\u01b0\u1eddi ti\u00eau d\u00f9ng v\u00e0\/ho\u1eb7c doanh nghi\u1ec7p th\u01b0\u1eddng \u0111\u01b0\u1ee3c bi\u1ebft \u0111\u1ebfn<\/li>\n<li>c\u00e1c trang c\u1ed9ng \u0111\u1ed3ng dot.com<\/li>\n<li>C\u00e1c hi\u1ec7p h\u1ed9i ho\u1eb7c c\u00e1c nh\u00f3m kh\u00e1c \u0111\u1ea1i di\u1ec7n cho t\u1ed5 ch\u1ee9c t\u1eeb thi\u1ec7n<\/li>\n<li>Nh\u00e0 ph\u00e2n ph\u1ed1i danh m\u1ee5c tr\u1ef1c tuy\u1ebfn<\/li>\n<li>C\u1ed5ng Internet<\/li>\n<li>C\u00e1c c\u00f4ng ty k\u1ebf to\u00e1n, lu\u1eadt v\u00e0 t\u01b0 v\u1ea5n<\/li>\n<\/ul>\n<p>C\u00e1c c\u01a1 s\u1edf gi\u00e1o d\u1ee5c v\u00e0 hi\u1ec7p h\u1ed9i th\u01b0\u01a1ng m\u1ea1i.<br \/>\nCh\u00fang t\u00f4i s\u1ebd ch\u1ea5p thu\u1eadn c\u00e1c y\u00eau c\u1ea7u li\u00ean k\u1ebft t\u1eeb c\u00e1c t\u1ed5 ch\u1ee9c n\u00e0y n\u1ebfu ch\u00fang t\u00f4i quy\u1ebft \u0111\u1ecbnh r\u1eb1ng: (a) li\u00ean k\u1ebft \u0111\u00f3 s\u1ebd kh\u00f4ng khi\u1ebfn ch\u00fang t\u00f4i c\u00f3 \u1ea5n t\u01b0\u1ee3ng b\u1ea5t l\u1ee3i \u0111\u1ed1i v\u1edbi ch\u00ednh ch\u00fang t\u00f4i ho\u1eb7c \u0111\u1ed1i v\u1edbi c\u00e1c doanh nghi\u1ec7p \u0111\u01b0\u1ee3c c\u00f4ng nh\u1eadn c\u1ee7a ch\u00fang t\u00f4i; (b) t\u1ed5 ch\u1ee9c kh\u00f4ng c\u00f3 b\u1ea5t k\u1ef3 h\u1ed3 s\u01a1 ti\u00eau c\u1ef1c n\u00e0o v\u1edbi ch\u00fang t\u00f4i; (c) l\u1ee3i \u00edch cho ch\u00fang t\u00f4i t\u1eeb kh\u1ea3 n\u0103ng hi\u1ec3n th\u1ecb c\u1ee7a si\u00eau li\u00ean k\u1ebft s\u1ebd b\u00f9 \u0111\u1eafp cho s\u1ef1 v\u1eafng m\u1eb7t c\u1ee7a <strong>\n<span class=\"mkdf-highlight\" style=\"color: #203164\">\n\tAN Legal<\/span><\/strong>;<\/p>\n<p>C\u00e1c t\u1ed5 ch\u1ee9c n\u00e0y c\u00f3 th\u1ec3 li\u00ean k\u1ebft \u0111\u1ebfn trang ch\u1ee7 c\u1ee7a ch\u00fang t\u00f4i mi\u1ec5n l\u00e0 li\u00ean k\u1ebft \u0111\u00f3: (a) kh\u00f4ng l\u1eeba \u0111\u1ea3o d\u01b0\u1edbi b\u1ea5t k\u1ef3 h\u00ecnh th\u1ee9c n\u00e0o; (b) kh\u00f4ng ng\u1ee5 \u00fd sai s\u1ef1 th\u1eadt v\u1ec1 vi\u1ec7c t\u00e0i tr\u1ee3, ch\u1ee9ng th\u1ef1c ho\u1eb7c ph\u00ea duy\u1ec7t c\u1ee7a b\u00ean li\u00ean k\u1ebft v\u00e0 c\u00e1c s\u1ea3n ph\u1ea9m ho\u1eb7c d\u1ecbch v\u1ee5 c\u1ee7a b\u00ean \u0111\u00f3; (c) ph\u00f9 h\u1ee3p v\u1edbi b\u1ed1i c\u1ea3nh trang web c\u1ee7a b\u00ean li\u00ean k\u1ebft.<\/p>\n<p>N\u1ebfu b\u1ea1n l\u00e0 m\u1ed9t trong nh\u1eefng t\u1ed5 ch\u1ee9c \u0111\u01b0\u1ee3c li\u1ec7t k\u00ea trong \u0111o\u1ea1n 2 \u1edf tr\u00ean v\u00e0 quan t\u00e2m \u0111\u1ebfn vi\u1ec7c li\u00ean k\u1ebft \u0111\u1ebfn trang web c\u1ee7a ch\u00fang t\u00f4i, b\u1ea1n ph\u1ea3i th\u00f4ng b\u00e1o cho ch\u00fang t\u00f4i b\u1eb1ng c\u00e1ch g\u1eedi e-mail \u0111\u1ebfn <strong>\n<span class=\"mkdf-highlight\" style=\"color: #203164\">\n\tAN Legal<\/span><\/strong>. Vui l\u00f2ng bao g\u1ed3m t\u00ean, t\u00ean t\u1ed5 ch\u1ee9c c\u1ee7a b\u1ea1n, th\u00f4ng tin li\u00ean h\u1ec7 c\u0169ng nh\u01b0 URL trang web c\u1ee7a b\u1ea1n, danh s\u00e1ch b\u1ea5t k\u1ef3 URL n\u00e0o m\u00e0 b\u1ea1n d\u1ef1 \u0111\u1ecbnh li\u00ean k\u1ebft \u0111\u1ebfn Trang web c\u1ee7a ch\u00fang t\u00f4i v\u00e0 danh s\u00e1ch c\u00e1c URL tr\u00ean trang web c\u1ee7a ch\u00fang t\u00f4i m\u00e0 b\u1ea1n mu\u1ed1n \u0111\u1ebfn li\u00ean k\u1ebft. \u0110\u1ee3i 2-3 tu\u1ea7n \u0111\u1ec3 nh\u1eadn \u0111\u01b0\u1ee3c ph\u1ea3n h\u1ed3i.[\/vc_column_text][\/vc_column][\/vc_row][\/vc_section][vc_section][vc_row][vc_column][vc_column_text]<\/p>\n<h3>C\u00e1c t\u1ed5 ch\u1ee9c \u0111\u01b0\u1ee3c ph\u00ea duy\u1ec7t c\u00f3 th\u1ec3 si\u00eau li\u00ean k\u1ebft \u0111\u1ebfn Trang web c\u1ee7a ch\u00fang t\u00f4i nh\u01b0 sau:<\/h3>\n<ul>\n<li>B\u1eb1ng c\u00e1ch s\u1eed d\u1ee5ng t\u00ean c\u00f4ng ty c\u1ee7a ch\u00fang t\u00f4i<\/li>\n<li>B\u1eb1ng c\u00e1ch s\u1eed d\u1ee5ng b\u1ed9 \u0111\u1ecbnh v\u1ecb t\u00e0i nguy\u00ean th\u1ed1ng nh\u1ea5t \u0111\u01b0\u1ee3c li\u00ean k\u1ebft v\u1edbi<\/li>\n<li>B\u1eb1ng c\u00e1ch s\u1eed d\u1ee5ng b\u1ea5t k\u1ef3 m\u00f4 t\u1ea3 n\u00e0o kh\u00e1c v\u1ec1 Trang web c\u1ee7a ch\u00fang t\u00f4i \u0111\u01b0\u1ee3c li\u00ean k\u1ebft \u0111\u1ebfn, \u0111i\u1ec1u \u0111\u00f3 c\u00f3 \u00fd ngh\u0129a trong b\u1ed1i c\u1ea3nh v\u00e0 \u0111\u1ecbnh d\u1ea1ng n\u1ed9i dung tr\u00ean trang web c\u1ee7a b\u00ean li\u00ean k\u1ebft.<\/li>\n<\/ul>\n<p>Kh\u00f4ng \u0111\u01b0\u1ee3c ph\u00e9p s\u1eed d\u1ee5ng logo c\u1ee7a <strong>\n<span class=\"mkdf-highlight\" style=\"color: #203164\">\n\tAN Legal<\/span><\/strong> ho\u1eb7c t\u00e1c ph\u1ea9m ngh\u1ec7 thu\u1eadt kh\u00e1c \u0111\u1ec3 li\u00ean k\u1ebft m\u00e0 kh\u00f4ng c\u00f3 th\u1ecfa thu\u1eadn c\u1ea5p ph\u00e9p nh\u00e3n hi\u1ec7u.[\/vc_column_text][\/vc_column][\/vc_row][\/vc_section][vc_section][vc_row][vc_column][vc_column_text]<\/p>\n<h3>iFrames<\/h3>\n<p>N\u1ebfu kh\u00f4ng c\u00f3 s\u1ef1 ch\u1ea5p thu\u1eadn tr\u01b0\u1edbc v\u00e0 cho ph\u00e9p b\u1eb1ng v\u0103n b\u1ea3n, b\u1ea1n kh\u00f4ng \u0111\u01b0\u1ee3c t\u1ea1o c\u00e1c khung xung quanh c\u00e1c Trang web c\u1ee7a ch\u00fang t\u00f4i \u0111\u1ec3 thay \u0111\u1ed5i c\u00e1ch tr\u00ecnh b\u00e0y tr\u1ef1c quan ho\u1eb7c di\u1ec7n m\u1ea1o c\u1ee7a Trang web c\u1ee7a ch\u00fang t\u00f4i.[\/vc_column_text][\/vc_column][\/vc_row][\/vc_section][vc_section][vc_row][vc_column][vc_column_text]<\/p>\n<h3>Tr\u00e1ch nhi\u1ec7m n\u1ed9i dung<\/h3>\n<p>Ch\u00fang t\u00f4i s\u1ebd kh\u00f4ng ch\u1ecbu tr\u00e1ch nhi\u1ec7m v\u1ec1 b\u1ea5t k\u1ef3 n\u1ed9i dung n\u00e0o xu\u1ea5t hi\u1ec7n tr\u00ean Trang web c\u1ee7a b\u1ea1n. B\u1ea1n \u0111\u1ed3ng \u00fd b\u1ea3o v\u1ec7 v\u00e0 b\u1ea3o v\u1ec7 ch\u00fang t\u00f4i tr\u01b0\u1edbc m\u1ecdi khi\u1ebfu n\u1ea1i \u0111ang gia t\u0103ng tr\u00ean Trang web c\u1ee7a b\u1ea1n. Kh\u00f4ng (c\u00e1c) li\u00ean k\u1ebft n\u00e0o \u0111\u01b0\u1ee3c xu\u1ea5t hi\u1ec7n tr\u00ean b\u1ea5t k\u1ef3 Trang web n\u00e0o c\u00f3 th\u1ec3 \u0111\u01b0\u1ee3c hi\u1ec3u l\u00e0 b\u00f4i nh\u1ecd, t\u1ee5c t\u0129u ho\u1eb7c t\u1ed9i ph\u1ea1m ho\u1eb7c vi ph\u1ea1m, n\u00f3i c\u00e1ch kh\u00e1c l\u00e0 vi ph\u1ea1m ho\u1eb7c \u1ee7ng h\u1ed9 h\u00e0nh vi x\u00e2m ph\u1ea1m ho\u1eb7c vi ph\u1ea1m kh\u00e1c \u0111\u1ed1i v\u1edbi b\u1ea5t k\u1ef3 quy\u1ec1n n\u00e0o c\u1ee7a b\u00ean th\u1ee9 ba.[\/vc_column_text][\/vc_column][\/vc_row][\/vc_section][vc_section][vc_row][vc_column][vc_column_text]<\/p>\n<h3>B\u1ea3o l\u01b0u quy\u1ec1n<\/h3>\n<p>Ch\u00fang t\u00f4i c\u00f3 quy\u1ec1n y\u00eau c\u1ea7u b\u1ea1n x\u00f3a t\u1ea5t c\u1ea3 c\u00e1c li\u00ean k\u1ebft ho\u1eb7c b\u1ea5t k\u1ef3 li\u00ean k\u1ebft c\u1ee5 th\u1ec3 n\u00e0o \u0111\u1ebfn Trang web c\u1ee7a ch\u00fang t\u00f4i. B\u1ea1n ch\u1ea5p thu\u1eadn x\u00f3a ngay l\u1eadp t\u1ee9c t\u1ea5t c\u1ea3 c\u00e1c li\u00ean k\u1ebft \u0111\u1ebfn Trang web c\u1ee7a ch\u00fang t\u00f4i theo y\u00eau c\u1ea7u. Ch\u00fang t\u00f4i c\u0169ng c\u00f3 quy\u1ec1n s\u1eeda \u0111\u1ed5i c\u00e1c \u0111i\u1ec1u kho\u1ea3n v\u00e0 \u0111i\u1ec1u ki\u1ec7n n\u00e0y c\u0169ng nh\u01b0 ch\u00ednh s\u00e1ch li\u00ean k\u1ebft c\u1ee7a n\u00f3 b\u1ea5t c\u1ee9 l\u00fac n\u00e0o. B\u1eb1ng c\u00e1ch li\u00ean t\u1ee5c li\u00ean k\u1ebft \u0111\u1ebfn Trang web c\u1ee7a ch\u00fang t\u00f4i, b\u1ea1n \u0111\u1ed3ng \u00fd b\u1ecb r\u00e0ng bu\u1ed9c v\u00e0 tu\u00e2n theo c\u00e1c \u0111i\u1ec1u kho\u1ea3n v\u00e0 \u0111i\u1ec1u ki\u1ec7n li\u00ean k\u1ebft n\u00e0y.[\/vc_column_text][\/vc_column][\/vc_row][\/vc_section][vc_section][vc_row][vc_column][vc_column_text]<\/p>\n<h3>X\u00f3a c\u00e1c li\u00ean k\u1ebft kh\u1ecfi trang web c\u1ee7a ch\u00fang t\u00f4i<\/h3>\n<p>N\u1ebfu b\u1ea1n t\u00ecm th\u1ea5y b\u1ea5t k\u1ef3 li\u00ean k\u1ebft n\u00e0o tr\u00ean Trang web c\u1ee7a ch\u00fang t\u00f4i mang t\u00ednh x\u00fac ph\u1ea1m v\u00ec b\u1ea5t k\u1ef3 l\u00fd do g\u00ec, b\u1ea1n c\u00f3 th\u1ec3 li\u00ean h\u1ec7 v\u00e0 th\u00f4ng b\u00e1o cho ch\u00fang t\u00f4i b\u1ea5t c\u1ee9 l\u00fac n\u00e0o.[\/vc_column_text][\/vc_column][\/vc_row][\/vc_section]<\/p>\n<\/div>","protected":false},"excerpt":{"rendered":"<p>[vc_section][vc_row][vc_column][vc_column_text] \u0110i\u1ec1u kho\u1ea3n v\u00e0 \u0111i\u1ec1u ki\u1ec7n Ch\u00fang t\u00f4i s\u1eed d\u1ee5ng vi\u1ec7c s\u1eed d\u1ee5ng cookie. B\u1eb1ng c\u00e1ch truy c\u1eadp trang web c\u1ee7a , b\u1ea1n \u0111\u00e3 \u0111\u1ed3ng \u00fd s\u1eed d\u1ee5ng cookie theo [&hellip;]<\/p>\n","protected":false},"author":1,"featured_media":0,"parent":0,"menu_order":0,"comment_status":"closed","ping_status":"closed","template":"","meta":{"_acf_changed":false,"footnotes":""},"acf":[],"yoast_head":"<!-- This site is optimized with the Yoast SEO Premium plugin v21.3 (Yoast SEO v22.3) - https:\/\/yoast.com\/wordpress\/plugins\/seo\/ -->\n<title>\u0110i\u1ec1u kho\u1ea3n v\u00e0 \u0111i\u1ec1u ki\u1ec7n - AN Legal LLP website<\/title>\n<meta name=\"robots\" content=\"index, follow, max-snippet:-1, max-image-preview:large, max-video-preview:-1\" \/>\n<link rel=\"canonical\" href=\"https:\/\/anlegal.vn\/vi\/dieu-khoan-va-dieu-kien\/\" \/>\n<meta property=\"og:locale\" content=\"vi_VN\" \/>\n<meta property=\"og:type\" content=\"article\" \/>\n<meta property=\"og:title\" content=\"\u0110i\u1ec1u kho\u1ea3n v\u00e0 \u0111i\u1ec1u ki\u1ec7n - AN Legal LLP website\" \/>\n<meta property=\"og:description\" content=\"[vc_section][vc_row][vc_column][vc_column_text] \u0110i\u1ec1u kho\u1ea3n v\u00e0 \u0111i\u1ec1u ki\u1ec7n Ch\u00fang t\u00f4i s\u1eed d\u1ee5ng vi\u1ec7c s\u1eed d\u1ee5ng cookie. B\u1eb1ng c\u00e1ch truy c\u1eadp trang web c\u1ee7a , b\u1ea1n \u0111\u00e3 \u0111\u1ed3ng \u00fd s\u1eed d\u1ee5ng cookie theo [&hellip;]\" \/>\n<meta property=\"og:url\" content=\"https:\/\/anlegal.vn\/vi\/dieu-khoan-va-dieu-kien\/\" \/>\n<meta property=\"og:site_name\" content=\"AN Legal LLP website\" \/>\n<meta property=\"article:modified_time\" content=\"2024-03-26T02:18:44+00:00\" \/>\n<meta name=\"twitter:card\" content=\"summary_large_image\" \/>\n<meta name=\"twitter:label1\" content=\"Est. reading time\" \/>\n\t<meta name=\"twitter:data1\" content=\"6 minutes\" \/>\n<script type=\"application\/ld+json\" class=\"yoast-schema-graph\">{\"@context\":\"https:\/\/schema.org\",\"@graph\":[{\"@type\":\"WebPage\",\"@id\":\"https:\/\/anlegal.vn\/vi\/dieu-khoan-va-dieu-kien\/\",\"url\":\"https:\/\/anlegal.vn\/vi\/dieu-khoan-va-dieu-kien\/\",\"name\":\"\u0110i\u1ec1u kho\u1ea3n v\u00e0 \u0111i\u1ec1u ki\u1ec7n - AN Legal LLP website\",\"isPartOf\":{\"@id\":\"https:\/\/anlegal.vn\/vi\/#website\"},\"datePublished\":\"2024-02-27T21:45:57+00:00\",\"dateModified\":\"2024-03-26T02:18:44+00:00\",\"inLanguage\":\"vi-VN\",\"potentialAction\":[{\"@type\":\"ReadAction\",\"target\":[\"https:\/\/anlegal.vn\/vi\/dieu-khoan-va-dieu-kien\/\"]}]},{\"@type\":\"WebSite\",\"@id\":\"https:\/\/anlegal.vn\/vi\/#website\",\"url\":\"https:\/\/anlegal.vn\/vi\/\",\"name\":\"AN Legal LLP\",\"description\":\"AN Legal LLP\",\"alternateName\":\"AN Legal LLP\",\"potentialAction\":[{\"@type\":\"SearchAction\",\"target\":{\"@type\":\"EntryPoint\",\"urlTemplate\":\"https:\/\/anlegal.vn\/vi\/?s={search_term_string}\"},\"query-input\":\"required name=search_term_string\"}],\"inLanguage\":\"vi-VN\"}]}<\/script>\n<!-- \/ Yoast SEO Premium plugin. -->","yoast_head_json":{"title":"\u0110i\u1ec1u kho\u1ea3n v\u00e0 \u0111i\u1ec1u ki\u1ec7n - AN Legal LLP website","robots":{"index":"index","follow":"follow","max-snippet":"max-snippet:-1","max-image-preview":"max-image-preview:large","max-video-preview":"max-video-preview:-1"},"canonical":"https:\/\/anlegal.vn\/vi\/dieu-khoan-va-dieu-kien\/","og_locale":"vi_VN","og_type":"article","og_title":"\u0110i\u1ec1u kho\u1ea3n v\u00e0 \u0111i\u1ec1u ki\u1ec7n - AN Legal LLP website","og_description":"[vc_section][vc_row][vc_column][vc_column_text] \u0110i\u1ec1u kho\u1ea3n v\u00e0 \u0111i\u1ec1u ki\u1ec7n Ch\u00fang t\u00f4i s\u1eed d\u1ee5ng vi\u1ec7c s\u1eed d\u1ee5ng cookie. B\u1eb1ng c\u00e1ch truy c\u1eadp trang web c\u1ee7a , b\u1ea1n \u0111\u00e3 \u0111\u1ed3ng \u00fd s\u1eed d\u1ee5ng cookie theo [&hellip;]","og_url":"https:\/\/anlegal.vn\/vi\/dieu-khoan-va-dieu-kien\/","og_site_name":"AN Legal LLP website","article_modified_time":"2024-03-26T02:18:44+00:00","twitter_card":"summary_large_image","twitter_misc":{"Est. reading time":"6 minutes"},"schema":{"@context":"https:\/\/schema.org","@graph":[{"@type":"WebPage","@id":"https:\/\/anlegal.vn\/vi\/dieu-khoan-va-dieu-kien\/","url":"https:\/\/anlegal.vn\/vi\/dieu-khoan-va-dieu-kien\/","name":"\u0110i\u1ec1u kho\u1ea3n v\u00e0 \u0111i\u1ec1u ki\u1ec7n - AN Legal LLP website","isPartOf":{"@id":"https:\/\/anlegal.vn\/vi\/#website"},"datePublished":"2024-02-27T21:45:57+00:00","dateModified":"2024-03-26T02:18:44+00:00","inLanguage":"vi-VN","potentialAction":[{"@type":"ReadAction","target":["https:\/\/anlegal.vn\/vi\/dieu-khoan-va-dieu-kien\/"]}]},{"@type":"WebSite","@id":"https:\/\/anlegal.vn\/vi\/#website","url":"https:\/\/anlegal.vn\/vi\/","name":"AN Legal LLP","description":"AN Legal LLP","alternateName":"AN Legal LLP","potentialAction":[{"@type":"SearchAction","target":{"@type":"EntryPoint","urlTemplate":"https:\/\/anlegal.vn\/vi\/?s={search_term_string}"},"query-input":"required name=search_term_string"}],"inLanguage":"vi-VN"}]}},"_links":{"self":[{"href":"https:\/\/anlegal.vn\/vi\/wp-json\/wp\/v2\/pages\/4101"}],"collection":[{"href":"https:\/\/anlegal.vn\/vi\/wp-json\/wp\/v2\/pages"}],"about":[{"href":"https:\/\/anlegal.vn\/vi\/wp-json\/wp\/v2\/types\/page"}],"author":[{"embeddable":true,"href":"https:\/\/anlegal.vn\/vi\/wp-json\/wp\/v2\/users\/1"}],"replies":[{"embeddable":true,"href":"https:\/\/anlegal.vn\/vi\/wp-json\/wp\/v2\/comments?post=4101"}],"version-history":[{"count":8,"href":"https:\/\/anlegal.vn\/vi\/wp-json\/wp\/v2\/pages\/4101\/revisions"}],"predecessor-version":[{"id":6068,"href":"https:\/\/anlegal.vn\/vi\/wp-json\/wp\/v2\/pages\/4101\/revisions\/6068"}],"wp:attachment":[{"href":"https:\/\/anlegal.vn\/vi\/wp-json\/wp\/v2\/media?parent=4101"}],"curies":[{"name":"wp","href":"https:\/\/api.w.org\/{rel}","templated":true}]}}