{"id":5825,"date":"2024-03-07T08:17:50","date_gmt":"2024-03-07T01:17:50","guid":{"rendered":"https:\/\/anlegal.vn\/tin-tuc\/cong-ty\/"},"modified":"2024-03-25T15:54:43","modified_gmt":"2024-03-25T08:54:43","slug":"cong-ty","status":"publish","type":"page","link":"https:\/\/anlegal.vn\/vi\/hoat-dong\/cong-ty\/","title":{"rendered":"C\u00d4NG TY"},"content":{"rendered":"<div class=\"wpb-content-wrapper\"><p>[vc_row][vc_column]<div class=\"mkdf-elements-holder   mkdf-one-column  mkdf-responsive-mode-768 \" ><div class=\"mkdf-eh-item     \"  data-item-class=\"mkdf-eh-custom-3187\" data-769-1024=\"0px 10%\" data-681-768=\"0px 10%\" data-680=\"0px 10%\">\n\t    <div class=\"mkdf-eh-item-inner\">\n\t\t<div class=\"mkdf-eh-item-content mkdf-eh-custom-3187\" style=\"padding: 0px 20%\">\n\t\t\t[vc_column_text]<\/p>\n<p style=\"text-align: center;\">H\u1eb1ng n\u0103m, b\u00ean c\u1ea1nh vi\u1ec7c t\u1ed5 ch\u1ee9c c\u00e1c ho\u1ea1t \u0111\u1ed9ng n\u1ed9i b\u1ed9, AN Legal ch\u1ee7 \u0111\u1ed9ng tham gia c\u00e1c d\u1ef1 \u00e1n n\u00e2ng cao ch\u1ea5t l\u01b0\u1ee3ng cu\u1ed9c s\u1ed1ng cho c\u1ed9ng \u0111\u1ed3ng, \u0111\u1eb7c bi\u1ec7t l\u00e0 t\u1ea1i nh\u1eefng v\u00f9ng s\u00e2u v\u00f9ng xa c\u1ee7a Vi\u1ec7t Nam.<\/p>\n<p>[\/vc_column_text]\t\t<\/div>\n\t<\/div>\n<\/div><\/div>[\/vc_column][\/vc_row]<\/p>\n<\/div>","protected":false},"excerpt":{"rendered":"<p>[vc_row][vc_column][\/vc_column][\/vc_row]<\/p>\n","protected":false},"author":1,"featured_media":0,"parent":3962,"menu_order":0,"comment_status":"closed","ping_status":"closed","template":"blog-standard","meta":{"_acf_changed":false,"footnotes":""},"acf":[],"yoast_head":"<!-- This site is optimized with the Yoast SEO Premium plugin v21.3 (Yoast SEO v22.3) - https:\/\/yoast.com\/wordpress\/plugins\/seo\/ -->\n<title>C\u00d4NG TY - AN Legal LLP website<\/title>\n<meta name=\"robots\" content=\"index, follow, max-snippet:-1, max-image-preview:large, max-video-preview:-1\" \/>\n<link rel=\"canonical\" href=\"https:\/\/anlegal.vn\/vi\/hoat-dong\/cong-ty\/\" \/>\n<meta property=\"og:locale\" content=\"vi_VN\" \/>\n<meta property=\"og:type\" content=\"article\" \/>\n<meta property=\"og:title\" content=\"C\u00d4NG TY - AN Legal LLP website\" \/>\n<meta property=\"og:description\" content=\"[vc_row][vc_column][\/vc_column][\/vc_row]\" \/>\n<meta property=\"og:url\" content=\"https:\/\/anlegal.vn\/vi\/hoat-dong\/cong-ty\/\" \/>\n<meta property=\"og:site_name\" content=\"AN Legal LLP website\" \/>\n<meta property=\"article:modified_time\" content=\"2024-03-25T08:54:43+00:00\" \/>\n<meta name=\"twitter:card\" content=\"summary_large_image\" \/>\n<meta name=\"twitter:label1\" content=\"Est. reading time\" \/>\n\t<meta name=\"twitter:data1\" content=\"1 minute\" \/>\n<script type=\"application\/ld+json\" class=\"yoast-schema-graph\">{\"@context\":\"https:\/\/schema.org\",\"@graph\":[{\"@type\":\"WebPage\",\"@id\":\"https:\/\/anlegal.vn\/vi\/hoat-dong\/cong-ty\/\",\"url\":\"https:\/\/anlegal.vn\/vi\/hoat-dong\/cong-ty\/\",\"name\":\"C\u00d4NG TY - AN Legal LLP website\",\"isPartOf\":{\"@id\":\"https:\/\/anlegal.vn\/vi\/#website\"},\"datePublished\":\"2024-03-07T01:17:50+00:00\",\"dateModified\":\"2024-03-25T08:54:43+00:00\",\"breadcrumb\":{\"@id\":\"https:\/\/anlegal.vn\/vi\/hoat-dong\/cong-ty\/#breadcrumb\"},\"inLanguage\":\"vi-VN\",\"potentialAction\":[{\"@type\":\"ReadAction\",\"target\":[\"https:\/\/anlegal.vn\/vi\/hoat-dong\/cong-ty\/\"]}]},{\"@type\":\"BreadcrumbList\",\"@id\":\"https:\/\/anlegal.vn\/vi\/hoat-dong\/cong-ty\/#breadcrumb\",\"itemListElement\":[{\"@type\":\"ListItem\",\"position\":1,\"name\":\"Ho\u1ea1t \u0111\u1ed9ng\",\"item\":\"https:\/\/anlegal.vn\/vi\/hoat-dong\/\"},{\"@type\":\"ListItem\",\"position\":2,\"name\":\"C\u00d4NG TY\"}]},{\"@type\":\"WebSite\",\"@id\":\"https:\/\/anlegal.vn\/vi\/#website\",\"url\":\"https:\/\/anlegal.vn\/vi\/\",\"name\":\"AN Legal LLP\",\"description\":\"AN Legal LLP\",\"alternateName\":\"AN Legal LLP\",\"potentialAction\":[{\"@type\":\"SearchAction\",\"target\":{\"@type\":\"EntryPoint\",\"urlTemplate\":\"https:\/\/anlegal.vn\/vi\/?s={search_term_string}\"},\"query-input\":\"required name=search_term_string\"}],\"inLanguage\":\"vi-VN\"}]}<\/script>\n<!-- \/ Yoast SEO Premium plugin. -->","yoast_head_json":{"title":"C\u00d4NG TY - AN Legal LLP website","robots":{"index":"index","follow":"follow","max-snippet":"max-snippet:-1","max-image-preview":"max-image-preview:large","max-video-preview":"max-video-preview:-1"},"canonical":"https:\/\/anlegal.vn\/vi\/hoat-dong\/cong-ty\/","og_locale":"vi_VN","og_type":"article","og_title":"C\u00d4NG TY - AN Legal LLP website","og_description":"[vc_row][vc_column][\/vc_column][\/vc_row]","og_url":"https:\/\/anlegal.vn\/vi\/hoat-dong\/cong-ty\/","og_site_name":"AN Legal LLP website","article_modified_time":"2024-03-25T08:54:43+00:00","twitter_card":"summary_large_image","twitter_misc":{"Est. reading time":"1 minute"},"schema":{"@context":"https:\/\/schema.org","@graph":[{"@type":"WebPage","@id":"https:\/\/anlegal.vn\/vi\/hoat-dong\/cong-ty\/","url":"https:\/\/anlegal.vn\/vi\/hoat-dong\/cong-ty\/","name":"C\u00d4NG TY - AN Legal LLP website","isPartOf":{"@id":"https:\/\/anlegal.vn\/vi\/#website"},"datePublished":"2024-03-07T01:17:50+00:00","dateModified":"2024-03-25T08:54:43+00:00","breadcrumb":{"@id":"https:\/\/anlegal.vn\/vi\/hoat-dong\/cong-ty\/#breadcrumb"},"inLanguage":"vi-VN","potentialAction":[{"@type":"ReadAction","target":["https:\/\/anlegal.vn\/vi\/hoat-dong\/cong-ty\/"]}]},{"@type":"BreadcrumbList","@id":"https:\/\/anlegal.vn\/vi\/hoat-dong\/cong-ty\/#breadcrumb","itemListElement":[{"@type":"ListItem","position":1,"name":"Ho\u1ea1t \u0111\u1ed9ng","item":"https:\/\/anlegal.vn\/vi\/hoat-dong\/"},{"@type":"ListItem","position":2,"name":"C\u00d4NG TY"}]},{"@type":"WebSite","@id":"https:\/\/anlegal.vn\/vi\/#website","url":"https:\/\/anlegal.vn\/vi\/","name":"AN Legal LLP","description":"AN Legal LLP","alternateName":"AN Legal LLP","potentialAction":[{"@type":"SearchAction","target":{"@type":"EntryPoint","urlTemplate":"https:\/\/anlegal.vn\/vi\/?s={search_term_string}"},"query-input":"required name=search_term_string"}],"inLanguage":"vi-VN"}]}},"_links":{"self":[{"href":"https:\/\/anlegal.vn\/vi\/wp-json\/wp\/v2\/pages\/5825"}],"collection":[{"href":"https:\/\/anlegal.vn\/vi\/wp-json\/wp\/v2\/pages"}],"about":[{"href":"https:\/\/anlegal.vn\/vi\/wp-json\/wp\/v2\/types\/page"}],"author":[{"embeddable":true,"href":"https:\/\/anlegal.vn\/vi\/wp-json\/wp\/v2\/users\/1"}],"replies":[{"embeddable":true,"href":"https:\/\/anlegal.vn\/vi\/wp-json\/wp\/v2\/comments?post=5825"}],"version-history":[{"count":3,"href":"https:\/\/anlegal.vn\/vi\/wp-json\/wp\/v2\/pages\/5825\/revisions"}],"predecessor-version":[{"id":6454,"href":"https:\/\/anlegal.vn\/vi\/wp-json\/wp\/v2\/pages\/5825\/revisions\/6454"}],"up":[{"embeddable":true,"href":"https:\/\/anlegal.vn\/vi\/wp-json\/wp\/v2\/pages\/3962"}],"wp:attachment":[{"href":"https:\/\/anlegal.vn\/vi\/wp-json\/wp\/v2\/media?parent=5825"}],"curies":[{"name":"wp","href":"https:\/\/api.w.org\/{rel}","templated":true}]}}